{"id":1847,"date":"2024-03-23T15:39:01","date_gmt":"2024-03-23T15:39:01","guid":{"rendered":"https:\/\/ibo-player.vip\/?page_id=1847"},"modified":"2025-06-10T12:17:29","modified_gmt":"2025-06-10T12:17:29","slug":"politica-de-privacidade","status":"publish","type":"page","link":"https:\/\/ibo-player.vip\/pt\/politica-de-privacidade\/","title":{"rendered":"Pol\u00edtica de privacidade"},"content":{"rendered":"<div data-elementor-type=\"wp-page\" data-elementor-id=\"1847\" class=\"elementor elementor-1847\">\n\t\t\t\t\t\t<section class=\"elementor-section elementor-top-section elementor-element elementor-element-f87d1e9 elementor-section-boxed elementor-section-height-default elementor-section-height-default\" data-id=\"f87d1e9\" data-element_type=\"section\" data-e-type=\"section\">\n\t\t\t\t\t\t<div class=\"elementor-container elementor-column-gap-default\">\n\t\t\t\t\t<div class=\"elementor-column elementor-col-100 elementor-top-column elementor-element elementor-element-b3f1c9d\" data-id=\"b3f1c9d\" data-element_type=\"column\" data-e-type=\"column\">\n\t\t\t<div class=\"elementor-widget-wrap elementor-element-populated\">\n\t\t\t\t\t\t<div class=\"elementor-element elementor-element-46b3e3e elementor-widget elementor-widget-heading\" data-id=\"46b3e3e\" data-element_type=\"widget\" data-e-type=\"widget\" data-widget_type=\"heading.default\">\n\t\t\t\t<div class=\"elementor-widget-container\">\n\t\t\t\t\t<h1 class=\"elementor-heading-title elementor-size-default\">Pol\u00edtica de privacidade<\/h1>\t\t\t\t<\/div>\n\t\t\t\t<\/div>\n\t\t\t\t\t<\/div>\n\t\t<\/div>\n\t\t\t\t\t<\/div>\n\t\t<\/section>\n\t\t\t\t<section class=\"elementor-section elementor-top-section elementor-element elementor-element-29bb9ce elementor-section-boxed elementor-section-height-default elementor-section-height-default\" data-id=\"29bb9ce\" data-element_type=\"section\" data-e-type=\"section\">\n\t\t\t\t\t\t<div class=\"elementor-container elementor-column-gap-default\">\n\t\t\t\t\t<div class=\"elementor-column elementor-col-100 elementor-top-column elementor-element elementor-element-9bed08f\" data-id=\"9bed08f\" data-element_type=\"column\" data-e-type=\"column\">\n\t\t\t<div class=\"elementor-widget-wrap elementor-element-populated\">\n\t\t\t\t\t\t<div class=\"elementor-element elementor-element-7d22356 elementor-widget elementor-widget-text-editor\" data-id=\"7d22356\" data-element_type=\"widget\" data-e-type=\"widget\" data-widget_type=\"text-editor.default\">\n\t\t\t\t<div class=\"elementor-widget-container\">\n\t\t\t\t\t\t\t\t\t<p>Pol\u00edtica de privacidade para o IBO Player:<\/p><p>No ibo-player.vip, temos o compromisso de proteger a privacidade de nossos usu\u00e1rios. Esta pol\u00edtica de privacidade descreve como coletamos, usamos, divulgamos e protegemos suas informa\u00e7\u00f5es pessoais quando voc\u00ea visita nosso site ou usa nossos servi\u00e7os.<\/p><ol><li>Informa\u00e7\u00f5es que coletamos:<\/li><\/ol><p>Quando voc\u00ea acessa nosso site, podemos coletar determinadas informa\u00e7\u00f5es sobre sua visita, como seu endere\u00e7o IP, tipo de navegador, informa\u00e7\u00f5es sobre o dispositivo e dados de uso. Se voc\u00ea optar por assinar nossos servi\u00e7os ou fazer uma compra, poderemos coletar informa\u00e7\u00f5es pessoais, como seu nome, endere\u00e7o de e-mail, endere\u00e7o de cobran\u00e7a e informa\u00e7\u00f5es de pagamento.<\/p><ol start=\"2\"><li>Como usamos suas informa\u00e7\u00f5es:<\/li><\/ol><p>Podemos usar as informa\u00e7\u00f5es que coletamos para fornecer e personalizar nossos servi\u00e7os, comunicar-nos com voc\u00ea, processar transa\u00e7\u00f5es e melhorar nosso site e nossos servi\u00e7os. Suas informa\u00e7\u00f5es pessoais tamb\u00e9m podem ser usadas para fins promocionais e de marketing, como o envio de boletins informativos, ofertas especiais e outras atualiza\u00e7\u00f5es sobre nossos produtos e servi\u00e7os.<\/p><ol start=\"3\"><li>Compartilhamento de informa\u00e7\u00f5es:<\/li><\/ol><p>Podemos compartilhar suas informa\u00e7\u00f5es pessoais com prestadores de servi\u00e7os terceirizados de confian\u00e7a que nos auxiliam na opera\u00e7\u00e3o de nosso site, na condu\u00e7\u00e3o de nossos neg\u00f3cios ou no atendimento ao usu\u00e1rio. Tamb\u00e9m poderemos divulgar suas informa\u00e7\u00f5es em resposta a solicita\u00e7\u00f5es legais, para proteger nossos direitos ou os direitos de terceiros, ou para fazer cumprir nossas pol\u00edticas e leis aplic\u00e1veis.<\/p><ol start=\"4\"><li>Seguran\u00e7a de dados:<\/li><\/ol><p>Implementamos medidas de seguran\u00e7a para proteger suas informa\u00e7\u00f5es pessoais contra acesso, altera\u00e7\u00e3o, divulga\u00e7\u00e3o ou destrui\u00e7\u00e3o n\u00e3o autorizados. No entanto, nenhum m\u00e9todo de transmiss\u00e3o pela Internet ou de armazenamento eletr\u00f4nico \u00e9 totalmente seguro, e n\u00e3o podemos garantir seguran\u00e7a absoluta.<\/p><ol start=\"5\"><li>Suas escolhas:<\/li><\/ol><p>Voc\u00ea pode optar por n\u00e3o receber nossas comunica\u00e7\u00f5es de marketing seguindo as instru\u00e7\u00f5es de cancelamento de assinatura inclu\u00eddas em nossos e-mails ou entrando em contato conosco diretamente. Tamb\u00e9m \u00e9 poss\u00edvel atualizar ou corrigir suas informa\u00e7\u00f5es pessoais fazendo login na sua conta ou entrando em contato conosco.<\/p><ol start=\"6\"><li>Privacidade das crian\u00e7as:<\/li><\/ol><p>Nosso site e nossos servi\u00e7os n\u00e3o se destinam a crian\u00e7as com menos de 13 anos de idade. N\u00e3o coletamos nem solicitamos intencionalmente informa\u00e7\u00f5es pessoais de indiv\u00edduos com menos de 13 anos de idade.<\/p><ol start=\"7\"><li>Altera\u00e7\u00f5es a esta pol\u00edtica:<\/li><\/ol><p>Reservamo-nos o direito de atualizar ou modificar esta pol\u00edtica de privacidade a qualquer momento. Quaisquer altera\u00e7\u00f5es entrar\u00e3o em vigor imediatamente ap\u00f3s a publica\u00e7\u00e3o da pol\u00edtica de privacidade atualizada em nosso site.<\/p>\t\t\t\t\t\t\t\t<\/div>\n\t\t\t\t<\/div>\n\t\t\t\t\t<\/div>\n\t\t<\/div>\n\t\t\t\t\t<\/div>\n\t\t<\/section>\n\t\t\t\t<\/div>","protected":false},"excerpt":{"rendered":"<p>Privacy Policy Privacy Policy for IBO Player: At ibo-player.vip, we are committed to protecting the privacy of our users. This privacy policy describes how we collect, use, disclose, and protect your personal information when you visit our website or use our services. Information We Collect: When you visit our website, we may collect certain information [&hellip;]<\/p>\n","protected":false},"author":1,"featured_media":0,"parent":0,"menu_order":0,"comment_status":"closed","ping_status":"closed","template":"","meta":{"site-sidebar-layout":"no-sidebar","site-content-layout":"","ast-site-content-layout":"full-width-container","site-content-style":"default","site-sidebar-style":"default","ast-global-header-display":"","ast-banner-title-visibility":"","ast-main-header-display":"","ast-hfb-above-header-display":"","ast-hfb-below-header-display":"","ast-hfb-mobile-header-display":"","site-post-title":"disabled","ast-breadcrumbs-content":"","ast-featured-img":"disabled","footer-sml-layout":"","ast-disable-related-posts":"","theme-transparent-header-meta":"","adv-header-id-meta":"","stick-header-meta":"","header-above-stick-meta":"","header-main-stick-meta":"","header-below-stick-meta":"","astra-migrate-meta-layouts":"default","ast-page-background-enabled":"default","ast-page-background-meta":{"desktop":{"background-color":"var(--ast-global-color-4)","background-image":"","background-repeat":"repeat","background-position":"center center","background-size":"auto","background-attachment":"scroll","background-type":"","background-media":"","overlay-type":"","overlay-color":"","overlay-opacity":"","overlay-gradient":""},"tablet":{"background-color":"","background-image":"","background-repeat":"repeat","background-position":"center center","background-size":"auto","background-attachment":"scroll","background-type":"","background-media":"","overlay-type":"","overlay-color":"","overlay-opacity":"","overlay-gradient":""},"mobile":{"background-color":"","background-image":"","background-repeat":"repeat","background-position":"center center","background-size":"auto","background-attachment":"scroll","background-type":"","background-media":"","overlay-type":"","overlay-color":"","overlay-opacity":"","overlay-gradient":""}},"ast-content-background-meta":{"desktop":{"background-color":"var(--ast-global-color-5)","background-image":"","background-repeat":"repeat","background-position":"center center","background-size":"auto","background-attachment":"scroll","background-type":"","background-media":"","overlay-type":"","overlay-color":"","overlay-opacity":"","overlay-gradient":""},"tablet":{"background-color":"var(--ast-global-color-5)","background-image":"","background-repeat":"repeat","background-position":"center center","background-size":"auto","background-attachment":"scroll","background-type":"","background-media":"","overlay-type":"","overlay-color":"","overlay-opacity":"","overlay-gradient":""},"mobile":{"background-color":"var(--ast-global-color-5)","background-image":"","background-repeat":"repeat","background-position":"center center","background-size":"auto","background-attachment":"scroll","background-type":"","background-media":"","overlay-type":"","overlay-color":"","overlay-opacity":"","overlay-gradient":""}},"two_page_speed":[],"footnotes":""},"class_list":["post-1847","page","type-page","status-publish","hentry"],"_links":{"self":[{"href":"https:\/\/ibo-player.vip\/pt\/wp-json\/wp\/v2\/pages\/1847","targetHints":{"allow":["GET"]}}],"collection":[{"href":"https:\/\/ibo-player.vip\/pt\/wp-json\/wp\/v2\/pages"}],"about":[{"href":"https:\/\/ibo-player.vip\/pt\/wp-json\/wp\/v2\/types\/page"}],"author":[{"embeddable":true,"href":"https:\/\/ibo-player.vip\/pt\/wp-json\/wp\/v2\/users\/1"}],"replies":[{"embeddable":true,"href":"https:\/\/ibo-player.vip\/pt\/wp-json\/wp\/v2\/comments?post=1847"}],"version-history":[{"count":17,"href":"https:\/\/ibo-player.vip\/pt\/wp-json\/wp\/v2\/pages\/1847\/revisions"}],"predecessor-version":[{"id":4850,"href":"https:\/\/ibo-player.vip\/pt\/wp-json\/wp\/v2\/pages\/1847\/revisions\/4850"}],"wp:attachment":[{"href":"https:\/\/ibo-player.vip\/pt\/wp-json\/wp\/v2\/media?parent=1847"}],"curies":[{"name":"wp","href":"https:\/\/api.w.org\/{rel}","templated":true}]}}