{"id":1847,"date":"2024-03-23T15:39:01","date_gmt":"2024-03-23T15:39:01","guid":{"rendered":"https:\/\/ibo-player.vip\/?page_id=1847"},"modified":"2025-06-10T12:17:29","modified_gmt":"2025-06-10T12:17:29","slug":"politique-de-confidentialite","status":"publish","type":"page","link":"https:\/\/ibo-player.vip\/fr\/politique-de-confidentialite\/","title":{"rendered":"Politique de confidentialit\u00e9"},"content":{"rendered":"<div data-elementor-type=\"wp-page\" data-elementor-id=\"1847\" class=\"elementor elementor-1847\">\n\t\t\t\t\t\t<section class=\"elementor-section elementor-top-section elementor-element elementor-element-f87d1e9 elementor-section-boxed elementor-section-height-default elementor-section-height-default\" data-id=\"f87d1e9\" data-element_type=\"section\" data-e-type=\"section\">\n\t\t\t\t\t\t<div class=\"elementor-container elementor-column-gap-default\">\n\t\t\t\t\t<div class=\"elementor-column elementor-col-100 elementor-top-column elementor-element elementor-element-b3f1c9d\" data-id=\"b3f1c9d\" data-element_type=\"column\" data-e-type=\"column\">\n\t\t\t<div class=\"elementor-widget-wrap elementor-element-populated\">\n\t\t\t\t\t\t<div class=\"elementor-element elementor-element-46b3e3e elementor-widget elementor-widget-heading\" data-id=\"46b3e3e\" data-element_type=\"widget\" data-e-type=\"widget\" data-widget_type=\"heading.default\">\n\t\t\t\t<div class=\"elementor-widget-container\">\n\t\t\t\t\t<h1 class=\"elementor-heading-title elementor-size-default\">Politique de confidentialit\u00e9<\/h1>\t\t\t\t<\/div>\n\t\t\t\t<\/div>\n\t\t\t\t\t<\/div>\n\t\t<\/div>\n\t\t\t\t\t<\/div>\n\t\t<\/section>\n\t\t\t\t<section class=\"elementor-section elementor-top-section elementor-element elementor-element-29bb9ce elementor-section-boxed elementor-section-height-default elementor-section-height-default\" data-id=\"29bb9ce\" data-element_type=\"section\" data-e-type=\"section\">\n\t\t\t\t\t\t<div class=\"elementor-container elementor-column-gap-default\">\n\t\t\t\t\t<div class=\"elementor-column elementor-col-100 elementor-top-column elementor-element elementor-element-9bed08f\" data-id=\"9bed08f\" data-element_type=\"column\" data-e-type=\"column\">\n\t\t\t<div class=\"elementor-widget-wrap elementor-element-populated\">\n\t\t\t\t\t\t<div class=\"elementor-element elementor-element-7d22356 elementor-widget elementor-widget-text-editor\" data-id=\"7d22356\" data-element_type=\"widget\" data-e-type=\"widget\" data-widget_type=\"text-editor.default\">\n\t\t\t\t<div class=\"elementor-widget-container\">\n\t\t\t\t\t\t\t\t\t<p>Politique de confidentialit\u00e9 pour les lecteurs IBO :<\/p><p>Chez ibo-player.vip, nous nous engageons \u00e0 prot\u00e9ger la vie priv\u00e9e de nos utilisateurs. Cette politique de confidentialit\u00e9 d\u00e9crit comment nous collectons, utilisons, divulguons et prot\u00e9geons vos informations personnelles lorsque vous visitez notre site web ou utilisez nos services.<\/p><ol><li>Information We Collect :<\/li><\/ol><p>Lorsque vous visitez notre site web, nous pouvons collecter certaines informations sur votre visite, telles que votre adresse IP, le type de navigateur, les informations sur l'appareil et les donn\u00e9es d'utilisation. Si vous choisissez de vous abonner \u00e0 nos services ou de faire un achat, nous pouvons collecter des informations personnelles telles que votre nom, votre adresse e-mail, votre adresse de facturation et vos informations de paiement.<\/p><ol start=\"2\"><li>Comment nous utilisons vos informations :<\/li><\/ol><p>Nous pouvons utiliser les informations que nous collectons pour fournir et personnaliser nos services, communiquer avec vous, traiter les transactions et am\u00e9liorer notre site web et nos services. Vos informations personnelles peuvent \u00e9galement \u00eatre utilis\u00e9es \u00e0 des fins de marketing et de promotion, comme l'envoi de newsletters, d'offres sp\u00e9ciales et d'autres mises \u00e0 jour sur nos produits et services.<\/p><ol start=\"3\"><li>Partage d'informations :<\/li><\/ol><p>Nous pouvons partager vos informations personnelles avec des prestataires de services tiers de confiance qui nous aident \u00e0 exploiter notre site web, \u00e0 mener nos activit\u00e9s ou \u00e0 vous servir. Nous pouvons \u00e9galement divulguer vos informations en r\u00e9ponse \u00e0 des demandes l\u00e9gales, pour prot\u00e9ger nos droits ou les droits d'autres personnes, ou pour faire respecter nos politiques et les lois applicables.<\/p><ol start=\"4\"><li>S\u00e9curit\u00e9 des donn\u00e9es :<\/li><\/ol><p>Nous mettons en \u0153uvre des mesures de s\u00e9curit\u00e9 pour prot\u00e9ger vos informations personnelles contre tout acc\u00e8s, alt\u00e9ration, divulgation ou destruction non autoris\u00e9s. Toutefois, aucune m\u00e9thode de transmission par Internet ou de stockage \u00e9lectronique n'est totalement s\u00fbre et nous ne pouvons garantir une s\u00e9curit\u00e9 absolue.<\/p><ol start=\"5\"><li>Vos choix :<\/li><\/ol><p>Vous pouvez choisir de ne pas recevoir de communications marketing de notre part en suivant les instructions de d\u00e9sabonnement incluses dans nos e-mails ou en nous contactant directement. Vous pouvez \u00e9galement mettre \u00e0 jour ou corriger vos informations personnelles en vous connectant \u00e0 votre compte ou en nous contactant.<\/p><ol start=\"6\"><li>Protection de la vie priv\u00e9e des enfants :<\/li><\/ol><p>Notre site web et nos services ne sont pas destin\u00e9s aux enfants de moins de 13 ans. Nous ne collectons ni ne sollicitons sciemment des informations personnelles aupr\u00e8s d'individus de moins de 13 ans.<\/p><ol start=\"7\"><li>Changes to This Policy :<\/li><\/ol><p>Nous nous r\u00e9servons le droit de mettre \u00e0 jour ou de modifier cette politique de confidentialit\u00e9 \u00e0 tout moment. Toute modification prendra effet imm\u00e9diatement apr\u00e8s la publication de la politique de confidentialit\u00e9 mise \u00e0 jour sur notre site web.<\/p>\t\t\t\t\t\t\t\t<\/div>\n\t\t\t\t<\/div>\n\t\t\t\t\t<\/div>\n\t\t<\/div>\n\t\t\t\t\t<\/div>\n\t\t<\/section>\n\t\t\t\t<\/div>","protected":false},"excerpt":{"rendered":"<p>Privacy Policy Privacy Policy for IBO Player: At ibo-player.vip, we are committed to protecting the privacy of our users. This privacy policy describes how we collect, use, disclose, and protect your personal information when you visit our website or use our services. Information We Collect: When you visit our website, we may collect certain information [&hellip;]<\/p>\n","protected":false},"author":1,"featured_media":0,"parent":0,"menu_order":0,"comment_status":"closed","ping_status":"closed","template":"","meta":{"site-sidebar-layout":"no-sidebar","site-content-layout":"","ast-site-content-layout":"full-width-container","site-content-style":"default","site-sidebar-style":"default","ast-global-header-display":"","ast-banner-title-visibility":"","ast-main-header-display":"","ast-hfb-above-header-display":"","ast-hfb-below-header-display":"","ast-hfb-mobile-header-display":"","site-post-title":"disabled","ast-breadcrumbs-content":"","ast-featured-img":"disabled","footer-sml-layout":"","ast-disable-related-posts":"","theme-transparent-header-meta":"","adv-header-id-meta":"","stick-header-meta":"","header-above-stick-meta":"","header-main-stick-meta":"","header-below-stick-meta":"","astra-migrate-meta-layouts":"default","ast-page-background-enabled":"default","ast-page-background-meta":{"desktop":{"background-color":"var(--ast-global-color-4)","background-image":"","background-repeat":"repeat","background-position":"center center","background-size":"auto","background-attachment":"scroll","background-type":"","background-media":"","overlay-type":"","overlay-color":"","overlay-opacity":"","overlay-gradient":""},"tablet":{"background-color":"","background-image":"","background-repeat":"repeat","background-position":"center center","background-size":"auto","background-attachment":"scroll","background-type":"","background-media":"","overlay-type":"","overlay-color":"","overlay-opacity":"","overlay-gradient":""},"mobile":{"background-color":"","background-image":"","background-repeat":"repeat","background-position":"center center","background-size":"auto","background-attachment":"scroll","background-type":"","background-media":"","overlay-type":"","overlay-color":"","overlay-opacity":"","overlay-gradient":""}},"ast-content-background-meta":{"desktop":{"background-color":"var(--ast-global-color-5)","background-image":"","background-repeat":"repeat","background-position":"center center","background-size":"auto","background-attachment":"scroll","background-type":"","background-media":"","overlay-type":"","overlay-color":"","overlay-opacity":"","overlay-gradient":""},"tablet":{"background-color":"var(--ast-global-color-5)","background-image":"","background-repeat":"repeat","background-position":"center center","background-size":"auto","background-attachment":"scroll","background-type":"","background-media":"","overlay-type":"","overlay-color":"","overlay-opacity":"","overlay-gradient":""},"mobile":{"background-color":"var(--ast-global-color-5)","background-image":"","background-repeat":"repeat","background-position":"center center","background-size":"auto","background-attachment":"scroll","background-type":"","background-media":"","overlay-type":"","overlay-color":"","overlay-opacity":"","overlay-gradient":""}},"two_page_speed":[],"footnotes":""},"class_list":["post-1847","page","type-page","status-publish","hentry"],"_links":{"self":[{"href":"https:\/\/ibo-player.vip\/fr\/wp-json\/wp\/v2\/pages\/1847","targetHints":{"allow":["GET"]}}],"collection":[{"href":"https:\/\/ibo-player.vip\/fr\/wp-json\/wp\/v2\/pages"}],"about":[{"href":"https:\/\/ibo-player.vip\/fr\/wp-json\/wp\/v2\/types\/page"}],"author":[{"embeddable":true,"href":"https:\/\/ibo-player.vip\/fr\/wp-json\/wp\/v2\/users\/1"}],"replies":[{"embeddable":true,"href":"https:\/\/ibo-player.vip\/fr\/wp-json\/wp\/v2\/comments?post=1847"}],"version-history":[{"count":17,"href":"https:\/\/ibo-player.vip\/fr\/wp-json\/wp\/v2\/pages\/1847\/revisions"}],"predecessor-version":[{"id":4850,"href":"https:\/\/ibo-player.vip\/fr\/wp-json\/wp\/v2\/pages\/1847\/revisions\/4850"}],"wp:attachment":[{"href":"https:\/\/ibo-player.vip\/fr\/wp-json\/wp\/v2\/media?parent=1847"}],"curies":[{"name":"wp","href":"https:\/\/api.w.org\/{rel}","templated":true}]}}