{"id":1839,"date":"2024-03-23T15:32:04","date_gmt":"2024-03-23T15:32:04","guid":{"rendered":"https:\/\/ibo-player.vip\/?page_id=1839"},"modified":"2024-12-25T09:43:09","modified_gmt":"2024-12-25T09:43:09","slug":"politique-de-remboursement","status":"publish","type":"page","link":"https:\/\/ibo-player.vip\/fr\/politique-de-remboursement\/","title":{"rendered":"Politique de remboursement"},"content":{"rendered":"<div data-elementor-type=\"wp-page\" data-elementor-id=\"1839\" class=\"elementor elementor-1839\">\n\t\t\t\t\t\t<section class=\"elementor-section elementor-top-section elementor-element elementor-element-aaceed7 elementor-section-boxed elementor-section-height-default elementor-section-height-default\" data-id=\"aaceed7\" data-element_type=\"section\" data-e-type=\"section\">\n\t\t\t\t\t\t<div class=\"elementor-container elementor-column-gap-default\">\n\t\t\t\t\t<div class=\"elementor-column elementor-col-100 elementor-top-column elementor-element elementor-element-9700718\" data-id=\"9700718\" data-element_type=\"column\" data-e-type=\"column\">\n\t\t\t<div class=\"elementor-widget-wrap elementor-element-populated\">\n\t\t\t\t\t\t<div class=\"elementor-element elementor-element-4a837cf elementor-widget elementor-widget-heading\" data-id=\"4a837cf\" data-element_type=\"widget\" data-e-type=\"widget\" data-widget_type=\"heading.default\">\n\t\t\t\t<div class=\"elementor-widget-container\">\n\t\t\t\t\t<h1 class=\"elementor-heading-title elementor-size-default\">Politique de remboursement<\/h1>\t\t\t\t<\/div>\n\t\t\t\t<\/div>\n\t\t\t\t\t<\/div>\n\t\t<\/div>\n\t\t\t\t\t<\/div>\n\t\t<\/section>\n\t\t\t\t<section class=\"elementor-section elementor-top-section elementor-element elementor-element-f167b63 elementor-section-boxed elementor-section-height-default elementor-section-height-default\" data-id=\"f167b63\" data-element_type=\"section\" data-e-type=\"section\">\n\t\t\t\t\t\t<div class=\"elementor-container elementor-column-gap-default\">\n\t\t\t\t\t<div class=\"elementor-column elementor-col-100 elementor-top-column elementor-element elementor-element-c7036a7\" data-id=\"c7036a7\" data-element_type=\"column\" data-e-type=\"column\">\n\t\t\t<div class=\"elementor-widget-wrap elementor-element-populated\">\n\t\t\t\t\t\t<div class=\"elementor-element elementor-element-dffe16e elementor-widget elementor-widget-text-editor\" data-id=\"dffe16e\" data-element_type=\"widget\" data-e-type=\"widget\" data-widget_type=\"text-editor.default\">\n\t\t\t\t<div class=\"elementor-widget-container\">\n\t\t\t\t\t\t\t\t\t<p>Politique de remboursement pour les joueurs IBO :<\/p><p>Chez ibo-player.vip, nous nous effor\u00e7ons d'assurer la satisfaction de nos clients avec nos produits et services. Cette politique de remboursement d\u00e9taille nos proc\u00e9dures de traitement des demandes de remboursement.<\/p><ol><li>Admissibilit\u00e9 aux remboursements :<\/li><\/ol><p>Des remboursements peuvent \u00eatre accord\u00e9s dans les circonstances suivantes : Annulations d'abonnement : Si vous annulez votre abonnement pendant la p\u00e9riode de remboursement sp\u00e9cifi\u00e9e, comme indiqu\u00e9 dans nos conditions d'utilisation. Interruptions de service : Si nos services sont indisponibles ou interrompus pendant une p\u00e9riode prolong\u00e9e en raison de probl\u00e8mes techniques \u00e9chappant \u00e0 notre contr\u00f4le. Dissatisfaction : Si vous n'\u00eates pas satisfait de nos services et que vous avez rencontr\u00e9 des probl\u00e8mes ou des limitations importants qui vous emp\u00eachent d'utiliser nos services comme pr\u00e9vu.<\/p><ol start=\"2\"><li>Processus de demande de remboursement :<\/li><\/ol><p>Pour demander un remboursement, vous devez contacter notre \u00e9quipe d'assistance \u00e0 la client\u00e8le pendant la p\u00e9riode de remboursement applicable et fournir des informations d\u00e9taill\u00e9es sur votre demande. Les demandes de remboursement seront examin\u00e9es au cas par cas et l'admissibilit\u00e9 \u00e0 un remboursement sera d\u00e9termin\u00e9e \u00e0 notre discr\u00e9tion.<\/p><ol start=\"3\"><li>M\u00e9thodes de remboursement :<\/li><\/ol><p>Les remboursements seront effectu\u00e9s en utilisant le mode de paiement original utilis\u00e9 pour l'achat. Veuillez pr\u00e9voir un d\u00e9lai de traitement raisonnable pour que le remboursement soit trait\u00e9 et r\u00e9percut\u00e9 sur votre compte.<\/p><ol start=\"4\"><li>Articles non remboursables :<\/li><\/ol><p>Certains produits ou services peuvent \u00eatre non remboursables, tels que les achats ponctuels, les t\u00e9l\u00e9chargements num\u00e9riques ou les services qui ont \u00e9t\u00e9 utilis\u00e9s ou acc\u00e9d\u00e9s.<\/p><ol start=\"5\"><li>Contactez-nous :<\/li><\/ol><p>Si vous avez des questions ou des pr\u00e9occupations au sujet de notre politique de remboursement ou si vous avez besoin d'aide pour une demande de remboursement, veuillez nous contacter \u00e0 l'adresse suivante <a target=\"_new\">contact@ibo-player.vip<\/a>.<\/p><ol start=\"6\"><li>Changes to This Policy :<\/li><\/ol><p>Nous nous r\u00e9servons le droit de mettre \u00e0 jour ou de modifier cette politique de remboursement \u00e0 tout moment. Toute modification prendra effet imm\u00e9diatement apr\u00e8s la publication de la politique de remboursement mise \u00e0 jour sur notre site web.<\/p>\t\t\t\t\t\t\t\t<\/div>\n\t\t\t\t<\/div>\n\t\t\t\t\t<\/div>\n\t\t<\/div>\n\t\t\t\t\t<\/div>\n\t\t<\/section>\n\t\t\t\t<\/div>","protected":false},"excerpt":{"rendered":"<p>Refund Policy Refund Policy for IBO Player : At ibo-player.vip, we strive to ensure customer satisfaction with our products and services. This refund policy outlines our procedures for processing refund requests. Eligibility for Refunds: Refunds may be issued under the following circumstances: Subscription Cancellations: If you cancel your subscription within the specified refund period, as [&hellip;]<\/p>\n","protected":false},"author":1,"featured_media":0,"parent":0,"menu_order":0,"comment_status":"closed","ping_status":"closed","template":"","meta":{"site-sidebar-layout":"no-sidebar","site-content-layout":"","ast-site-content-layout":"full-width-container","site-content-style":"default","site-sidebar-style":"default","ast-global-header-display":"","ast-banner-title-visibility":"","ast-main-header-display":"","ast-hfb-above-header-display":"","ast-hfb-below-header-display":"","ast-hfb-mobile-header-display":"","site-post-title":"disabled","ast-breadcrumbs-content":"","ast-featured-img":"disabled","footer-sml-layout":"","ast-disable-related-posts":"","theme-transparent-header-meta":"","adv-header-id-meta":"","stick-header-meta":"","header-above-stick-meta":"","header-main-stick-meta":"","header-below-stick-meta":"","astra-migrate-meta-layouts":"default","ast-page-background-enabled":"default","ast-page-background-meta":{"desktop":{"background-color":"var(--ast-global-color-4)","background-image":"","background-repeat":"repeat","background-position":"center center","background-size":"auto","background-attachment":"scroll","background-type":"","background-media":"","overlay-type":"","overlay-color":"","overlay-opacity":"","overlay-gradient":""},"tablet":{"background-color":"","background-image":"","background-repeat":"repeat","background-position":"center center","background-size":"auto","background-attachment":"scroll","background-type":"","background-media":"","overlay-type":"","overlay-color":"","overlay-opacity":"","overlay-gradient":""},"mobile":{"background-color":"","background-image":"","background-repeat":"repeat","background-position":"center center","background-size":"auto","background-attachment":"scroll","background-type":"","background-media":"","overlay-type":"","overlay-color":"","overlay-opacity":"","overlay-gradient":""}},"ast-content-background-meta":{"desktop":{"background-color":"var(--ast-global-color-5)","background-image":"","background-repeat":"repeat","background-position":"center center","background-size":"auto","background-attachment":"scroll","background-type":"","background-media":"","overlay-type":"","overlay-color":"","overlay-opacity":"","overlay-gradient":""},"tablet":{"background-color":"var(--ast-global-color-5)","background-image":"","background-repeat":"repeat","background-position":"center center","background-size":"auto","background-attachment":"scroll","background-type":"","background-media":"","overlay-type":"","overlay-color":"","overlay-opacity":"","overlay-gradient":""},"mobile":{"background-color":"var(--ast-global-color-5)","background-image":"","background-repeat":"repeat","background-position":"center center","background-size":"auto","background-attachment":"scroll","background-type":"","background-media":"","overlay-type":"","overlay-color":"","overlay-opacity":"","overlay-gradient":""}},"two_page_speed":[],"footnotes":""},"class_list":["post-1839","page","type-page","status-publish","hentry"],"_links":{"self":[{"href":"https:\/\/ibo-player.vip\/fr\/wp-json\/wp\/v2\/pages\/1839","targetHints":{"allow":["GET"]}}],"collection":[{"href":"https:\/\/ibo-player.vip\/fr\/wp-json\/wp\/v2\/pages"}],"about":[{"href":"https:\/\/ibo-player.vip\/fr\/wp-json\/wp\/v2\/types\/page"}],"author":[{"embeddable":true,"href":"https:\/\/ibo-player.vip\/fr\/wp-json\/wp\/v2\/users\/1"}],"replies":[{"embeddable":true,"href":"https:\/\/ibo-player.vip\/fr\/wp-json\/wp\/v2\/comments?post=1839"}],"version-history":[{"count":11,"href":"https:\/\/ibo-player.vip\/fr\/wp-json\/wp\/v2\/pages\/1839\/revisions"}],"predecessor-version":[{"id":2205,"href":"https:\/\/ibo-player.vip\/fr\/wp-json\/wp\/v2\/pages\/1839\/revisions\/2205"}],"wp:attachment":[{"href":"https:\/\/ibo-player.vip\/fr\/wp-json\/wp\/v2\/media?parent=1839"}],"curies":[{"name":"wp","href":"https:\/\/api.w.org\/{rel}","templated":true}]}}